{"id":12,"date":"2025-06-23T10:37:24","date_gmt":"2025-06-23T13:37:24","guid":{"rendered":"http:\/\/newplastic.cl.portalesdenegocios.com\/?page_id=12"},"modified":"2025-07-21T13:02:48","modified_gmt":"2025-07-21T16:02:48","slug":"quienes-somos","status":"publish","type":"page","link":"https:\/\/www.newplastic.cl\/index.php\/quienes-somos\/","title":{"rendered":"Qui\u00e9nes somos"},"content":{"rendered":"\n[et_pb_section fb_built=\u00bb1&#8243; _builder_version=\u00bb4.27.4&#8243; _module_preset=\u00bbdefault\u00bb background_color=\u00bb#FFFFFF\u00bb width=\u00bb85%\u00bb module_alignment=\u00bbcenter\u00bb custom_margin=\u00bb0px|0px|0px|0px|false|false\u00bb custom_padding=\u00bb0px|0px|0px|0px|false|false\u00bb hover_enabled=\u00bb0&#8243; box_shadow_style=\u00bbpreset2&#8243; global_colors_info=\u00bb{}\u00bb max_width=\u00bb100%\u00bb box_shadow_color_last_edited=\u00bbon|phone\u00bb sticky_enabled=\u00bb0&#8243; box_shadow_color_phone=\u00bbrgba(0,0,0,0)\u00bb][et_pb_row column_structure=\u00bb2_3,1_3&#8243; _builder_version=\u00bb4.27.4&#8243; _module_preset=\u00bbdefault\u00bb width=\u00bb95%\u00bb custom_margin=\u00bb0px|auto|73px|auto|false|false\u00bb custom_padding=\u00bb52px||0px||false|false\u00bb hover_enabled=\u00bb0&#8243; global_colors_info=\u00bb{}\u00bb sticky_enabled=\u00bb0&#8243;][et_pb_column type=\u00bb2_3&#8243; _builder_version=\u00bb4.27.4&#8243; _module_preset=\u00bbdefault\u00bb global_colors_info=\u00bb{}\u00bb][et_pb_text _builder_version=\u00bb4.27.4&#8243; _module_preset=\u00bbdefault\u00bb header_font=\u00bbPoppins||||||||\u00bb header_line_height=\u00bb1.2em\u00bb custom_margin=\u00bb||18px|||\u00bb global_colors_info=\u00bb{}\u00bb]<h1><strong>Newplastic \u2013 Pinto y Salas<\/strong><\/h1>[\/et_pb_text][et_pb_divider color=\u00bb#005eff\u00bb _builder_version=\u00bb4.27.4&#8243; _module_preset=\u00bbdefault\u00bb custom_margin=\u00bb||7px|||\u00bb global_colors_info=\u00bb{}\u00bb][\/et_pb_divider][et_pb_text _builder_version=\u00bb4.27.4&#8243; _module_preset=\u00bbdefault\u00bb text_font=\u00bbInter|300|||||||\u00bb global_colors_info=\u00bb{}\u00bb]<p><span>Es una empresa 100% chilena, con m\u00e1s de 30 a\u00f1os de experiencia y excelencia en la Industria del Pl\u00e1stico, estableci\u00e9ndose como una potente empresa proveedora de soluciones innovadoras en envases contenedores r\u00edgidos y componentes pl\u00e1sticos, atendiendo a los m\u00e1s diversos segmentos de mercado.<br \/><\/span><\/p>\n<p>Dise\u00f1amos, desarrollamos y fabricamos envases soplados, tapas pl\u00e1sticas y componentes inyectados para diversas aplicaciones, as\u00ed\u00a0atender los mercados de: aerosoles, alimentos, higiene personal, cosm\u00e9ticos, limpieza, miner\u00eda, agricultura, apicultura, medicina, entre muchos otros.<\/p>\n<p>Nuestras instalaciones est\u00e1n ubicadas en el Sector Industrial de Quinta Normal en la Regi\u00f3n Metropolitana Santiago de Chile, con excelente conectividad en las autopistas urbanas y periferia industrial. Contamos con una estructura fabril con equipos de alto rendimiento y tecnolog\u00eda de punta, emplazados en una planta de 2000 m2.<\/p>\n<p>Nuestro objetivo es crear una excelente relaci\u00f3n de asociaci\u00f3n con nuestros clientes y proveedores a largo plazo, atendiendo con excelente nivel de servicio, generando valor y consecuentemente la continuidad de los negocios a perpetuidad.<\/p>\n<p><span>\u00a0<\/span><\/p>[\/et_pb_text][et_pb_image src=\u00bbhttps:\/\/www.newplastic.cl\/wp-content\/uploads\/2025\/06\/contactenos.png\u00bb title_text=\u00bbcontactenos\u00bb url=\u00bbhttps:\/\/www.newplastic.cl\/index.php\/contacto\/\u00bb _builder_version=\u00bb4.27.4&#8243; _module_preset=\u00bbdefault\u00bb global_colors_info=\u00bb{}\u00bb][\/et_pb_image][\/et_pb_column][et_pb_column type=\u00bb1_3&#8243; _builder_version=\u00bb4.27.4&#8243; _module_preset=\u00bbdefault\u00bb background_color=\u00bb#f0f2f5&#8243; custom_padding=\u00bb3%|2%|3%|2%|true|true\u00bb hover_enabled=\u00bb0&#8243; global_colors_info=\u00bb{}\u00bb custom_padding_last_edited=\u00bbon|phone\u00bb sticky_enabled=\u00bb0&#8243; custom_padding_phone=\u00bb9%|6%|9%|6%|true|true\u00bb custom_padding_tablet=\u00bb3%|2%|3%|2%|true|true\u00bb][et_pb_blurb title=\u00bbMisi\u00f3n\u00bb image=\u00bbhttps:\/\/www.newplastic.cl\/wp-content\/uploads\/2025\/06\/pericia.png\u00bb icon_placement=\u00bbleft\u00bb image_icon_width=\u00bb45px\u00bb _builder_version=\u00bb4.27.4&#8243; _module_preset=\u00bbdefault\u00bb header_font=\u00bbPoppins|700|||||||\u00bb header_text_color=\u00bb#005eff\u00bb body_font=\u00bbInter|300|||||||\u00bb custom_margin=\u00bb||25px|||\u00bb global_colors_info=\u00bb{}\u00bb]<p><span>Atender con excelencia las demandas de nuestros clientes, por el desarrollo y fabricaci\u00f3n de productos competitivos, de alta calidad, fabricados 100% en Chile y de nivel Internacional.<\/span><\/p>[\/et_pb_blurb][et_pb_blurb title=\u00bbVisi\u00f3n\u00bb image=\u00bbhttps:\/\/www.newplastic.cl\/wp-content\/uploads\/2025\/06\/vision.png\u00bb icon_placement=\u00bbleft\u00bb image_icon_width=\u00bb45px\u00bb _builder_version=\u00bb4.27.4&#8243; _module_preset=\u00bbdefault\u00bb header_font=\u00bbPoppins|700|||||||\u00bb header_text_color=\u00bb#005eff\u00bb body_font=\u00bbInter|300|||||||\u00bb body_link_text_color=\u00bb#666666&#8243; global_colors_info=\u00bb{}\u00bb]<p><span>Ser una empresa de referencia, reconocida como la mejor opci\u00f3n a los clientes, colaboradores, comunidad, proveedores, por la calidad de nuestros productos, servicio y relaciones comerciales.<\/span><\/p>[\/et_pb_blurb][et_pb_blurb title=\u00bbC\u00f3digo Pinto y Salas\u00bb use_icon=\u00bbon\u00bb font_icon=\u00bb&#x39;||divi||400&#8243; icon_color=\u00bb#005eff\u00bb icon_placement=\u00bbleft\u00bb image_icon_width=\u00bb45px\u00bb _builder_version=\u00bb4.27.4&#8243; _module_preset=\u00bbdefault\u00bb header_font=\u00bbPoppins|700|||||||\u00bb header_text_color=\u00bb#005eff\u00bb body_font=\u00bbInter|300|||||||\u00bb body_link_text_color=\u00bb#666666&#8243; global_colors_info=\u00bb{}\u00bb]<p><span>\u2022 Pasi\u00f3n en todo lo que hacemos<\/span><br \/><span>\u2022 Integridad<\/span><br \/><span>\u2022 Compromiso y voluntad<\/span><br \/><span>\u2022 Valorizaci\u00f3n humana<\/span><br \/><span>\u2022 Disposici\u00f3n<\/span><br \/><span>\u2022 Mejora continua<\/span><br \/><span>\u2022 Innovaci\u00f3n<\/span><br \/><span>\u2022 Sustentabilidad<\/span><\/p>[\/et_pb_blurb][\/et_pb_column][\/et_pb_row][et_pb_row _builder_version=\u00bb4.27.4&#8243; _module_preset=\u00bbdefault\u00bb background_color=\u00bb#f0f2f5&#8243; width=\u00bb100%\u00bb max_width=\u00bb2560px\u00bb custom_padding=\u00bb3%|3%|3%|3%|true|true\u00bb global_colors_info=\u00bb{}\u00bb][et_pb_column type=\u00bb4_4&#8243; _builder_version=\u00bb4.27.4&#8243; _module_preset=\u00bbdefault\u00bb custom_padding=\u00bb2%|5%|2%|5%|true|true\u00bb global_colors_info=\u00bb{}\u00bb][et_pb_code _builder_version=\u00bb4.27.4&#8243; _module_preset=\u00bbdefault\u00bb hover_enabled=\u00bb0&#8243; global_colors_info=\u00bb{}\u00bb sticky_enabled=\u00bb0&#8243;]<div  id=\"jtg-150\" class=\"modula modula-gallery modula-columns\" data-config=\"{&quot;tabletHeight&quot;:800,&quot;mobileHeight&quot;:800,&quot;desktopHeight&quot;:800,&quot;enableTwitter&quot;:false,&quot;enableWhatsapp&quot;:false,&quot;enableFacebook&quot;:false,&quot;enablePinterest&quot;:false,&quot;enableLinkedin&quot;:false,&quot;enableEmail&quot;:false,&quot;randomFactor&quot;:0.5,&quot;type&quot;:&quot;grid&quot;,&quot;columns&quot;:12,&quot;gutter&quot;:10,&quot;mobileGutter&quot;:10,&quot;tabletGutter&quot;:10,&quot;desktopGutter&quot;:10,&quot;enableResponsive&quot;:&quot;0&quot;,&quot;tabletColumns&quot;:2,&quot;mobileColumns&quot;:1,&quot;lazyLoad&quot;:0,&quot;lightboxOpts&quot;:{&quot;animated&quot;:true,&quot;Thumbs&quot;:{&quot;type&quot;:&quot;modern&quot;,&quot;showOnStart&quot;:false},&quot;Toolbar&quot;:{&quot;display&quot;:{&quot;right&quot;:[&quot;close&quot;]},&quot;enabled&quot;:true},&quot;Carousel&quot;:{&quot;Panzoom&quot;:{&quot;touch&quot;:true},&quot;infinite&quot;:false},&quot;keyboard&quot;:{&quot;Escape&quot;:&quot;close&quot;,&quot;Delete&quot;:&quot;close&quot;,&quot;Backspace&quot;:&quot;close&quot;,&quot;PageUp&quot;:false,&quot;PageDown&quot;:false,&quot;ArrowUp&quot;:false,&quot;ArrowDown&quot;:false,&quot;ArrowRight&quot;:false,&quot;ArrowLeft&quot;:false},&quot;touch&quot;:false,&quot;backdropClick&quot;:false,&quot;l10n&quot;:{&quot;CLOSE&quot;:&quot;Cerrar&quot;,&quot;NEXT&quot;:&quot;Siguiente&quot;,&quot;PREV&quot;:&quot;Anterior&quot;,&quot;Error&quot;:&quot;No se ha podido cargar el contenido solicitado. Por favor, int\\u00e9ntalo de nuevo m\\u00e1s tarde.&quot;,&quot;PLAY_START&quot;:&quot;Empezar la presentaci\\u00f3n&quot;,&quot;PLAY_STOP&quot;:&quot;Pausar la presentaci\\u00f3n&quot;,&quot;FULL_SCREEN&quot;:&quot;Pantalla completa&quot;,&quot;THUMBS&quot;:&quot;Miniaturas&quot;,&quot;DOWNLOAD&quot;:&quot;Descargar&quot;,&quot;SHARE&quot;:&quot;Compartir&quot;,&quot;ZOOM&quot;:&quot;Zoom&quot;,&quot;EMAIL&quot;:&quot;Here is the link to the image : %%image_link%% and this is the link to the gallery : %%gallery_link%%&quot;,&quot;MODAL&quot;:&quot;Puedes cerrar este contenido emergente con la tecla ESC&quot;,&quot;ERROR&quot;:&quot;Algo ha ido mal, pro favor, prueba de nuevo m\\u00e1s tarde&quot;,&quot;IMAGE_ERROR&quot;:&quot;Imagen no encontrada&quot;,&quot;ELEMENT_NOT_FOUND&quot;:&quot;No se ha encontrado el elemento HTML&quot;,&quot;AJAX_NOT_FOUND&quot;:&quot;Error al cargar AJAX: No encontrado&quot;,&quot;AJAX_FORBIDDEN&quot;:&quot;Error al cargar AJAX: Prohibido&quot;,&quot;IFRAME_ERROR&quot;:&quot;Error al cargar la p\\u00e1gina&quot;,&quot;TOGGLE_ZOOM&quot;:&quot;Alternar nivel de ampliar\\\/acercar&quot;,&quot;TOGGLE_THUMBS&quot;:&quot;Alternar miniaturas&quot;,&quot;TOGGLE_SLIDESHOW&quot;:&quot;Alternar diapositiva&quot;,&quot;TOGGLE_FULLSCREEN&quot;:&quot;Cambiar al modo de pantalla completa&quot;},&quot;Images&quot;:{&quot;Panzoom&quot;:{&quot;maxScale&quot;:2}},&quot;mainClass&quot;:&quot;modula-fancybox-container modula-lightbox-jtg-150&quot;,&quot;Html&quot;:{&quot;videoAutoplay&quot;:0,&quot;videoTpl&quot;:&quot;&lt;video class=\\&quot;fancybox__html5video\\&quot; controls muted playsinline controlsList controlsList=\\&quot;nodownload\\&quot; poster=\\&quot;{{poster}}\\&quot; src=\\&quot;{{src}}\\&quot; type=\\&quot;{{format}}\\&quot; &gt;  Sorry, your browser doesn&#039;t support embedded videos, &lt;a href=\\&quot;{{src}}\\&quot;&gt; download &lt;\\\/a&gt; and watch with your favorite video player! &lt;\\\/video&gt;&quot;}},&quot;inView&quot;:false,&quot;email_subject&quot;:&quot;\\u00a1\\u00a1Mira esta impresionante imagen!!&quot;,&quot;email_message&quot;:&quot;Este es el enlace a la imagen: %%image_link%% y este es el enlace a la galer\\u00eda: %%gallery_link%%&quot;,&quot;grid_type&quot;:&quot;automatic&quot;,&quot;rowHeight&quot;:250,&quot;lastRow&quot;:&quot;justify&quot;,&quot;lightbox&quot;:&quot;fancybox&quot;}\">\n\n\t\n\t<div  class=\"modula-items grid-gallery\">\n\t\t<div class=\"modula-item effect-pufrobo\" >\n\t<div class=\"modula-item-overlay\"><\/div>\n\n\t<div class=\"modula-item-content\">\n\n\t\t<a data-image-id=\"151\" role=\"button\" tabindex=\"0\" rel=\"jtg-150\" data-caption=\"\" aria-label=\"Abrir la imagen en una caja de luz\" class=\"tile-inner modula-item-link\"><\/a><img loading=\"lazy\" decoding=\"async\" class=\"pic wp-image-151\"  data-valign=\"middle\" data-halign=\"center\" alt=\"NewPlastic\" data-full=\"https:\/\/www.newplastic.cl\/wp-content\/uploads\/2025\/06\/Newplastic-almacenaje.jpg\" title=\"Newplastic-almacenaje\" crop=\"\" width=\"705\" height=\"470\" src=\"https:\/\/www.newplastic.cl\/wp-content\/uploads\/2025\/06\/Newplastic-almacenaje.jpg\" data-src=\"https:\/\/www.newplastic.cl\/wp-content\/uploads\/2025\/06\/Newplastic-almacenaje.jpg\" data-caption=\"\" srcset=\"https:\/\/www.newplastic.cl\/wp-content\/uploads\/2025\/06\/Newplastic-almacenaje.jpg 705w, https:\/\/www.newplastic.cl\/wp-content\/uploads\/2025\/06\/Newplastic-almacenaje-480x320.jpg 480w\" sizes=\"(min-width: 0px) and (max-width: 480px) 480px, (min-width: 481px) 705px, 100vw\" \/>\n\t\t<div class=\"figc no-description\">\n\t\t\t<div class=\"figc-inner\">\n\t\t\t\t\t\t\t\t\t\t\t\t\t\t\t<\/div>\n\t\t<\/div>\n\n\t<\/div>\n\n<\/div><div class=\"modula-item effect-pufrobo\" >\n\t<div class=\"modula-item-overlay\"><\/div>\n\n\t<div class=\"modula-item-content\">\n\n\t\t<a data-image-id=\"152\" role=\"button\" tabindex=\"0\" rel=\"jtg-150\" data-caption=\"\" aria-label=\"Abrir la imagen en una caja de luz\" class=\"tile-inner modula-item-link\"><\/a><img loading=\"lazy\" decoding=\"async\" class=\"pic wp-image-152\"  data-valign=\"middle\" data-halign=\"center\" alt=\"NewPlastic\" data-full=\"https:\/\/www.newplastic.cl\/wp-content\/uploads\/2025\/06\/Newplastic-fachada.jpg\" title=\"Newplastic-fachada\" crop=\"\" width=\"705\" height=\"470\" src=\"https:\/\/www.newplastic.cl\/wp-content\/uploads\/2025\/06\/Newplastic-fachada.jpg\" data-src=\"https:\/\/www.newplastic.cl\/wp-content\/uploads\/2025\/06\/Newplastic-fachada.jpg\" data-caption=\"\" srcset=\"https:\/\/www.newplastic.cl\/wp-content\/uploads\/2025\/06\/Newplastic-fachada.jpg 705w, https:\/\/www.newplastic.cl\/wp-content\/uploads\/2025\/06\/Newplastic-fachada-480x320.jpg 480w\" sizes=\"(min-width: 0px) and (max-width: 480px) 480px, (min-width: 481px) 705px, 100vw\" \/>\n\t\t<div class=\"figc no-description\">\n\t\t\t<div class=\"figc-inner\">\n\t\t\t\t\t\t\t\t\t\t\t\t\t\t\t<\/div>\n\t\t<\/div>\n\n\t<\/div>\n\n<\/div><div class=\"modula-item effect-pufrobo\" >\n\t<div class=\"modula-item-overlay\"><\/div>\n\n\t<div class=\"modula-item-content\">\n\n\t\t<a data-image-id=\"153\" role=\"button\" tabindex=\"0\" rel=\"jtg-150\" data-caption=\"\" aria-label=\"Abrir la imagen en una caja de luz\" class=\"tile-inner modula-item-link\"><\/a><img loading=\"lazy\" decoding=\"async\" class=\"pic wp-image-153\"  data-valign=\"middle\" data-halign=\"center\" alt=\"NewPlastic\" data-full=\"https:\/\/www.newplastic.cl\/wp-content\/uploads\/2025\/06\/Newplastic-industria.jpg\" title=\"Newplastic-industria\" crop=\"\" width=\"705\" height=\"470\" src=\"https:\/\/www.newplastic.cl\/wp-content\/uploads\/2025\/06\/Newplastic-industria.jpg\" data-src=\"https:\/\/www.newplastic.cl\/wp-content\/uploads\/2025\/06\/Newplastic-industria.jpg\" data-caption=\"\" srcset=\"https:\/\/www.newplastic.cl\/wp-content\/uploads\/2025\/06\/Newplastic-industria.jpg 705w, https:\/\/www.newplastic.cl\/wp-content\/uploads\/2025\/06\/Newplastic-industria-480x320.jpg 480w\" sizes=\"(min-width: 0px) and (max-width: 480px) 480px, (min-width: 481px) 705px, 100vw\" \/>\n\t\t<div class=\"figc no-description\">\n\t\t\t<div class=\"figc-inner\">\n\t\t\t\t\t\t\t\t\t\t\t\t\t\t\t<\/div>\n\t\t<\/div>\n\n\t<\/div>\n\n<\/div><div class=\"modula-item effect-pufrobo\" >\n\t<div class=\"modula-item-overlay\"><\/div>\n\n\t<div class=\"modula-item-content\">\n\n\t\t<a data-image-id=\"154\" role=\"button\" tabindex=\"0\" rel=\"jtg-150\" data-caption=\"\" aria-label=\"Abrir la imagen en una caja de luz\" class=\"tile-inner modula-item-link\"><\/a><img loading=\"lazy\" decoding=\"async\" class=\"pic wp-image-154\"  data-valign=\"middle\" data-halign=\"center\" alt=\"NewPlastic\" data-full=\"https:\/\/www.newplastic.cl\/wp-content\/uploads\/2025\/06\/Newplastic-inovacion.jpg\" title=\"Newplastic-inovacion\" crop=\"\" width=\"400\" height=\"600\" src=\"https:\/\/www.newplastic.cl\/wp-content\/uploads\/2025\/06\/Newplastic-inovacion.jpg\" data-src=\"https:\/\/www.newplastic.cl\/wp-content\/uploads\/2025\/06\/Newplastic-inovacion.jpg\" data-caption=\"\" srcset=\"https:\/\/www.newplastic.cl\/wp-content\/uploads\/2025\/06\/Newplastic-inovacion.jpg 400w, https:\/\/www.newplastic.cl\/wp-content\/uploads\/2025\/06\/Newplastic-inovacion-200x300.jpg 200w\" sizes=\"(max-width: 400px) 100vw, 400px\" \/>\n\t\t<div class=\"figc no-description\">\n\t\t\t<div class=\"figc-inner\">\n\t\t\t\t\t\t\t\t\t\t\t\t\t\t\t<\/div>\n\t\t<\/div>\n\n\t<\/div>\n\n<\/div><div class=\"modula-item effect-pufrobo\" >\n\t<div class=\"modula-item-overlay\"><\/div>\n\n\t<div class=\"modula-item-content\">\n\n\t\t<a data-image-id=\"155\" role=\"button\" tabindex=\"0\" rel=\"jtg-150\" data-caption=\"\" aria-label=\"Abrir la imagen en una caja de luz\" class=\"tile-inner modula-item-link\"><\/a><img loading=\"lazy\" decoding=\"async\" class=\"pic wp-image-155\"  data-valign=\"middle\" data-halign=\"center\" alt=\"NewPlastic\" data-full=\"https:\/\/www.newplastic.cl\/wp-content\/uploads\/2025\/06\/Newplastic-maquinaria.jpg\" title=\"Newplastic-maquinaria\" crop=\"\" width=\"400\" height=\"600\" src=\"https:\/\/www.newplastic.cl\/wp-content\/uploads\/2025\/06\/Newplastic-maquinaria.jpg\" data-src=\"https:\/\/www.newplastic.cl\/wp-content\/uploads\/2025\/06\/Newplastic-maquinaria.jpg\" data-caption=\"\" srcset=\"https:\/\/www.newplastic.cl\/wp-content\/uploads\/2025\/06\/Newplastic-maquinaria.jpg 400w, https:\/\/www.newplastic.cl\/wp-content\/uploads\/2025\/06\/Newplastic-maquinaria-200x300.jpg 200w\" sizes=\"(max-width: 400px) 100vw, 400px\" \/>\n\t\t<div class=\"figc no-description\">\n\t\t\t<div class=\"figc-inner\">\n\t\t\t\t\t\t\t\t\t\t\t\t\t\t\t<\/div>\n\t\t<\/div>\n\n\t<\/div>\n\n<\/div><div class=\"modula-item effect-pufrobo\" >\n\t<div class=\"modula-item-overlay\"><\/div>\n\n\t<div class=\"modula-item-content\">\n\n\t\t<a data-image-id=\"156\" role=\"button\" tabindex=\"0\" rel=\"jtg-150\" data-caption=\"\" aria-label=\"Abrir la imagen en una caja de luz\" class=\"tile-inner modula-item-link\"><\/a><img loading=\"lazy\" decoding=\"async\" class=\"pic wp-image-156\"  data-valign=\"middle\" data-halign=\"center\" alt=\"NewPlastic\" data-full=\"https:\/\/www.newplastic.cl\/wp-content\/uploads\/2025\/06\/Newplastic-planificacion.jpg\" title=\"Newplastic-planificacion\" crop=\"\" width=\"705\" height=\"470\" src=\"https:\/\/www.newplastic.cl\/wp-content\/uploads\/2025\/06\/Newplastic-planificacion.jpg\" data-src=\"https:\/\/www.newplastic.cl\/wp-content\/uploads\/2025\/06\/Newplastic-planificacion.jpg\" data-caption=\"\" srcset=\"https:\/\/www.newplastic.cl\/wp-content\/uploads\/2025\/06\/Newplastic-planificacion.jpg 705w, https:\/\/www.newplastic.cl\/wp-content\/uploads\/2025\/06\/Newplastic-planificacion-480x320.jpg 480w\" sizes=\"(min-width: 0px) and (max-width: 480px) 480px, (min-width: 481px) 705px, 100vw\" \/>\n\t\t<div class=\"figc no-description\">\n\t\t\t<div class=\"figc-inner\">\n\t\t\t\t\t\t\t\t\t\t\t\t\t\t\t<\/div>\n\t\t<\/div>\n\n\t<\/div>\n\n<\/div>\t\t\n\t<\/div>\n\n\t\n\t\n\t<script type=\"application\/ld+json\">\n\t{\n\t\t\"@context\": \"http:\/\/schema.org\",\n\t\t\"@type\"   : \"ImageGallery\",\n\t\t\"id\"      : \"https:\/\/www.newplastic.cl\/index.php\/quienes-somos\/\",\n\t\t\"url\"     : \"https:\/\/www.newplastic.cl\/index.php\/quienes-somos\/\"\n\t}\n\n\t<\/script>\n\n\t\n<\/div>\n[\/et_pb_code][\/et_pb_column][\/et_pb_row][\/et_pb_section]\n","protected":false},"excerpt":{"rendered":"<p>Newplastic \u2013 Pinto y SalasEs una empresa 100% chilena, con m\u00e1s de 30 a\u00f1os de experiencia y excelencia en la Industria del Pl\u00e1stico, estableci\u00e9ndose como una potente empresa proveedora de soluciones innovadoras en envases contenedores r\u00edgidos y componentes pl\u00e1sticos, atendiendo a los m\u00e1s diversos segmentos de mercado. Dise\u00f1amos, desarrollamos y fabricamos envases soplados, tapas pl\u00e1sticas [&hellip;]<\/p>\n","protected":false},"author":1,"featured_media":0,"parent":0,"menu_order":0,"comment_status":"closed","ping_status":"closed","template":"","meta":{"_et_pb_use_builder":"on","_et_pb_old_content":"<!-- wp:divi\/placeholder \/-->","_et_gb_content_width":"","footnotes":""},"class_list":["post-12","page","type-page","status-publish","hentry"],"yoast_head":"<!-- This site is optimized with the Yoast SEO plugin v27.5 - https:\/\/yoast.com\/product\/yoast-seo-wordpress\/ -->\n<title>Fabricaci\u00f3n tapas pl\u00e1sticas - Newplastic<\/title>\n<meta name=\"description\" content=\"Newplastic, empresa Chilena, soluciones innovadoras en envases contenedores r\u00edgidos y componentes pl\u00e1sticos, tapas de pl\u00e1sticas para diversos usos\" \/>\n<meta name=\"robots\" content=\"index, follow, max-snippet:-1, max-image-preview:large, max-video-preview:-1\" \/>\n<link rel=\"canonical\" href=\"https:\/\/www.newplastic.cl\/index.php\/quienes-somos\/\" \/>\n<meta property=\"og:locale\" content=\"es_ES\" \/>\n<meta property=\"og:type\" content=\"article\" \/>\n<meta property=\"og:title\" content=\"Fabricaci\u00f3n tapas pl\u00e1sticas - Newplastic\" \/>\n<meta property=\"og:description\" content=\"Newplastic, empresa Chilena, soluciones innovadoras en envases contenedores r\u00edgidos y componentes pl\u00e1sticos, tapas de pl\u00e1sticas para diversos usos\" \/>\n<meta property=\"og:url\" content=\"https:\/\/www.newplastic.cl\/index.php\/quienes-somos\/\" \/>\n<meta property=\"og:site_name\" content=\"newplasticcl\" \/>\n<meta property=\"article:modified_time\" content=\"2025-07-21T16:02:48+00:00\" \/>\n<meta name=\"twitter:card\" content=\"summary_large_image\" \/>\n<meta name=\"twitter:label1\" content=\"Tiempo de lectura\" \/>\n\t<meta name=\"twitter:data1\" content=\"4 minutos\" \/>\n<script type=\"application\/ld+json\" class=\"yoast-schema-graph\">{\"@context\":\"https:\\\/\\\/schema.org\",\"@graph\":[{\"@type\":\"WebPage\",\"@id\":\"https:\\\/\\\/www.newplastic.cl\\\/index.php\\\/quienes-somos\\\/\",\"url\":\"https:\\\/\\\/www.newplastic.cl\\\/index.php\\\/quienes-somos\\\/\",\"name\":\"Fabricaci\u00f3n tapas pl\u00e1sticas - Newplastic\",\"isPartOf\":{\"@id\":\"https:\\\/\\\/www.newplastic.cl\\\/#website\"},\"datePublished\":\"2025-06-23T13:37:24+00:00\",\"dateModified\":\"2025-07-21T16:02:48+00:00\",\"description\":\"Newplastic, empresa Chilena, soluciones innovadoras en envases contenedores r\u00edgidos y componentes pl\u00e1sticos, tapas de pl\u00e1sticas para diversos usos\",\"breadcrumb\":{\"@id\":\"https:\\\/\\\/www.newplastic.cl\\\/index.php\\\/quienes-somos\\\/#breadcrumb\"},\"inLanguage\":\"es\",\"potentialAction\":[{\"@type\":\"ReadAction\",\"target\":[\"https:\\\/\\\/www.newplastic.cl\\\/index.php\\\/quienes-somos\\\/\"]}]},{\"@type\":\"BreadcrumbList\",\"@id\":\"https:\\\/\\\/www.newplastic.cl\\\/index.php\\\/quienes-somos\\\/#breadcrumb\",\"itemListElement\":[{\"@type\":\"ListItem\",\"position\":1,\"name\":\"Portada\",\"item\":\"https:\\\/\\\/www.newplastic.cl\\\/\"},{\"@type\":\"ListItem\",\"position\":2,\"name\":\"Qui\u00e9nes somos\"}]},{\"@type\":\"WebSite\",\"@id\":\"https:\\\/\\\/www.newplastic.cl\\\/#website\",\"url\":\"https:\\\/\\\/www.newplastic.cl\\\/\",\"name\":\"newplasticcl\",\"description\":\"\",\"potentialAction\":[{\"@type\":\"SearchAction\",\"target\":{\"@type\":\"EntryPoint\",\"urlTemplate\":\"https:\\\/\\\/www.newplastic.cl\\\/?s={search_term_string}\"},\"query-input\":{\"@type\":\"PropertyValueSpecification\",\"valueRequired\":true,\"valueName\":\"search_term_string\"}}],\"inLanguage\":\"es\"}]}<\/script>\n<!-- \/ Yoast SEO plugin. -->","yoast_head_json":{"title":"Fabricaci\u00f3n tapas pl\u00e1sticas - Newplastic","description":"Newplastic, empresa Chilena, soluciones innovadoras en envases contenedores r\u00edgidos y componentes pl\u00e1sticos, tapas de pl\u00e1sticas para diversos usos","robots":{"index":"index","follow":"follow","max-snippet":"max-snippet:-1","max-image-preview":"max-image-preview:large","max-video-preview":"max-video-preview:-1"},"canonical":"https:\/\/www.newplastic.cl\/index.php\/quienes-somos\/","og_locale":"es_ES","og_type":"article","og_title":"Fabricaci\u00f3n tapas pl\u00e1sticas - Newplastic","og_description":"Newplastic, empresa Chilena, soluciones innovadoras en envases contenedores r\u00edgidos y componentes pl\u00e1sticos, tapas de pl\u00e1sticas para diversos usos","og_url":"https:\/\/www.newplastic.cl\/index.php\/quienes-somos\/","og_site_name":"newplasticcl","article_modified_time":"2025-07-21T16:02:48+00:00","twitter_card":"summary_large_image","twitter_misc":{"Tiempo de lectura":"4 minutos"},"schema":{"@context":"https:\/\/schema.org","@graph":[{"@type":"WebPage","@id":"https:\/\/www.newplastic.cl\/index.php\/quienes-somos\/","url":"https:\/\/www.newplastic.cl\/index.php\/quienes-somos\/","name":"Fabricaci\u00f3n tapas pl\u00e1sticas - Newplastic","isPartOf":{"@id":"https:\/\/www.newplastic.cl\/#website"},"datePublished":"2025-06-23T13:37:24+00:00","dateModified":"2025-07-21T16:02:48+00:00","description":"Newplastic, empresa Chilena, soluciones innovadoras en envases contenedores r\u00edgidos y componentes pl\u00e1sticos, tapas de pl\u00e1sticas para diversos usos","breadcrumb":{"@id":"https:\/\/www.newplastic.cl\/index.php\/quienes-somos\/#breadcrumb"},"inLanguage":"es","potentialAction":[{"@type":"ReadAction","target":["https:\/\/www.newplastic.cl\/index.php\/quienes-somos\/"]}]},{"@type":"BreadcrumbList","@id":"https:\/\/www.newplastic.cl\/index.php\/quienes-somos\/#breadcrumb","itemListElement":[{"@type":"ListItem","position":1,"name":"Portada","item":"https:\/\/www.newplastic.cl\/"},{"@type":"ListItem","position":2,"name":"Qui\u00e9nes somos"}]},{"@type":"WebSite","@id":"https:\/\/www.newplastic.cl\/#website","url":"https:\/\/www.newplastic.cl\/","name":"newplasticcl","description":"","potentialAction":[{"@type":"SearchAction","target":{"@type":"EntryPoint","urlTemplate":"https:\/\/www.newplastic.cl\/?s={search_term_string}"},"query-input":{"@type":"PropertyValueSpecification","valueRequired":true,"valueName":"search_term_string"}}],"inLanguage":"es"}]}},"_links":{"self":[{"href":"https:\/\/www.newplastic.cl\/index.php\/wp-json\/wp\/v2\/pages\/12","targetHints":{"allow":["GET"]}}],"collection":[{"href":"https:\/\/www.newplastic.cl\/index.php\/wp-json\/wp\/v2\/pages"}],"about":[{"href":"https:\/\/www.newplastic.cl\/index.php\/wp-json\/wp\/v2\/types\/page"}],"author":[{"embeddable":true,"href":"https:\/\/www.newplastic.cl\/index.php\/wp-json\/wp\/v2\/users\/1"}],"replies":[{"embeddable":true,"href":"https:\/\/www.newplastic.cl\/index.php\/wp-json\/wp\/v2\/comments?post=12"}],"version-history":[{"count":7,"href":"https:\/\/www.newplastic.cl\/index.php\/wp-json\/wp\/v2\/pages\/12\/revisions"}],"predecessor-version":[{"id":340,"href":"https:\/\/www.newplastic.cl\/index.php\/wp-json\/wp\/v2\/pages\/12\/revisions\/340"}],"wp:attachment":[{"href":"https:\/\/www.newplastic.cl\/index.php\/wp-json\/wp\/v2\/media?parent=12"}],"curies":[{"name":"wp","href":"https:\/\/api.w.org\/{rel}","templated":true}]}}