{"id":36,"date":"2025-06-23T10:42:17","date_gmt":"2025-06-23T13:42:17","guid":{"rendered":"http:\/\/newplastic.cl.portalesdenegocios.com\/?page_id=36"},"modified":"2025-07-21T13:12:37","modified_gmt":"2025-07-21T16:12:37","slug":"proyectos-especiales","status":"publish","type":"page","link":"https:\/\/www.newplastic.cl\/index.php\/proyectos-especiales\/","title":{"rendered":"Proyectos especiales"},"content":{"rendered":"\n[et_pb_section fb_built=\u00bb1&#8243; _builder_version=\u00bb4.27.4&#8243; _module_preset=\u00bbdefault\u00bb background_color=\u00bb#FFFFFF\u00bb width=\u00bb85%\u00bb module_alignment=\u00bbcenter\u00bb custom_margin=\u00bb0px|0px|0px|0px|false|false\u00bb custom_padding=\u00bb0px|0px|62px|0px|false|false\u00bb hover_enabled=\u00bb0&#8243; box_shadow_style=\u00bbpreset2&#8243; global_colors_info=\u00bb{}\u00bb max_width=\u00bb100%\u00bb box_shadow_color_last_edited=\u00bbon|phone\u00bb sticky_enabled=\u00bb0&#8243; box_shadow_color_phone=\u00bbrgba(0,0,0,0)\u00bb][et_pb_row _builder_version=\u00bb4.27.4&#8243; _module_preset=\u00bbdefault\u00bb background_image=\u00bbhttps:\/\/www.newplastic.cl\/wp-content\/uploads\/2025\/06\/proyectos-especiales.jpg\u00bb width=\u00bb100%\u00bb max_width=\u00bb1268px\u00bb custom_margin=\u00bb0px|auto|0px|auto|false|false\u00bb custom_padding=\u00bb0px||0px||false|false\u00bb global_colors_info=\u00bb{}\u00bb][et_pb_column type=\u00bb4_4&#8243; _builder_version=\u00bb4.27.4&#8243; _module_preset=\u00bbdefault\u00bb custom_padding=\u00bb0px||0px||false|false\u00bb global_colors_info=\u00bb{}\u00bb][et_pb_text _builder_version=\u00bb4.27.4&#8243; _module_preset=\u00bbdefault\u00bb text_font=\u00bbPoppins|700||on|||||\u00bb text_text_color=\u00bb#FFFFFF\u00bb text_font_size=\u00bb36px\u00bb text_line_height=\u00bb1.8em\u00bb header_font=\u00bbPoppins|700|||||||\u00bb header_text_color=\u00bb#FFFFFF\u00bb header_font_size=\u00bb36px\u00bb header_line_height=\u00bb1.8em\u00bb custom_margin=\u00bb6%||6%||true|false\u00bb global_colors_info=\u00bb{}\u00bb]<h1 style=\"text-align: center;\"><span>Proyectos Especiales<\/span><\/h1>[\/et_pb_text][\/et_pb_column][\/et_pb_row][et_pb_row _builder_version=\u00bb4.27.4&#8243; _module_preset=\u00bbdefault\u00bb global_colors_info=\u00bb{}\u00bb][et_pb_column type=\u00bb4_4&#8243; _builder_version=\u00bb4.27.4&#8243; _module_preset=\u00bbdefault\u00bb global_colors_info=\u00bb{}\u00bb][et_pb_text _builder_version=\u00bb4.27.4&#8243; _module_preset=\u00bbdefault\u00bb header_2_font=\u00bbPoppins||||||||\u00bb header_2_font_size=\u00bb22px\u00bb header_2_line_height=\u00bb1.6em\u00bb global_colors_info=\u00bb{}\u00bb]<h2 style=\"text-align: center;\"><span>Adem\u00e1s realizamos proyectos especiales de pl\u00e1stico:<\/span><\/h2>[\/et_pb_text][\/et_pb_column][\/et_pb_row][et_pb_row column_structure=\u00bb2_5,3_5&#8243; _builder_version=\u00bb4.27.4&#8243; _module_preset=\u00bbdefault\u00bb width=\u00bb95%\u00bb custom_margin=\u00bb14px|auto|5px|auto|false|false\u00bb custom_padding=\u00bb15px||12px||false|false\u00bb border_width_bottom=\u00bb1px\u00bb border_color_bottom=\u00bb#005eff\u00bb global_colors_info=\u00bb{}\u00bb][et_pb_column type=\u00bb2_5&#8243; _builder_version=\u00bb4.27.4&#8243; _module_preset=\u00bbdefault\u00bb global_colors_info=\u00bb{}\u00bb][et_pb_blurb title=\u00bbBoya cloro para piscinas\u00bb use_icon=\u00bbon\u00bb font_icon=\u00bb&#x52;||divi||400&#8243; icon_color=\u00bb#005eff\u00bb image_icon_width=\u00bb36px\u00bb icon_alignment=\u00bbleft\u00bb content_max_width=\u00bb1100px\u00bb _builder_version=\u00bb4.27.4&#8243; _module_preset=\u00bbdefault\u00bb header_font=\u00bbPoppins|300|||||||\u00bb header_text_align=\u00bbleft\u00bb header_text_color=\u00bb#696969&#8243; header_font_size=\u00bb16px\u00bb header_line_height=\u00bb1.2em\u00bb body_font=\u00bbInter|300|||||||\u00bb body_link_text_color=\u00bb#666666&#8243; image_icon_custom_margin=\u00bb-9px||||false|false\u00bb custom_margin=\u00bb0px||0px||false|false\u00bb custom_padding=\u00bb0px||0px||false|false\u00bb global_colors_info=\u00bb{}\u00bb][\/et_pb_blurb][\/et_pb_column][et_pb_column type=\u00bb3_5&#8243; _builder_version=\u00bb4.27.4&#8243; _module_preset=\u00bbdefault\u00bb global_colors_info=\u00bb{}\u00bb][et_pb_gallery gallery_ids=\u00bb278,279,280,281,282&#8243; posts_number=\u00bb2&#8243; show_title_and_caption=\u00bboff\u00bb zoom_icon_color=\u00bb#005eff\u00bb _builder_version=\u00bb4.27.4&#8243; _module_preset=\u00bbdefault\u00bb border_radii=\u00bbon|5px|5px|5px|5px\u00bb global_colors_info=\u00bb{}\u00bb][\/et_pb_gallery][\/et_pb_column][\/et_pb_row][\/et_pb_section]\n","protected":false},"excerpt":{"rendered":"<p>Proyectos EspecialesAdem\u00e1s realizamos proyectos especiales de pl\u00e1stico:<\/p>\n","protected":false},"author":1,"featured_media":0,"parent":0,"menu_order":0,"comment_status":"closed","ping_status":"closed","template":"","meta":{"_et_pb_use_builder":"on","_et_pb_old_content":"<!-- wp:divi\/placeholder \/-->","_et_gb_content_width":"","footnotes":""},"class_list":["post-36","page","type-page","status-publish","hentry"],"yoast_head":"<!-- This site is optimized with the Yoast SEO plugin v27.5 - https:\/\/yoast.com\/product\/yoast-seo-wordpress\/ -->\n<title>Art\u00edculos de pl\u00e1sticos, proyectos especiales - Newplastic<\/title>\n<meta name=\"description\" content=\"Newplastic, desarrollo de proyectos especiales en pl\u00e1stico, soluciones personalizadas como boya de cloro para piscinas, para mantener el agua limpia\" \/>\n<meta name=\"robots\" content=\"index, follow, max-snippet:-1, max-image-preview:large, max-video-preview:-1\" \/>\n<link rel=\"canonical\" href=\"https:\/\/www.newplastic.cl\/index.php\/proyectos-especiales\/\" \/>\n<meta property=\"og:locale\" content=\"es_ES\" \/>\n<meta property=\"og:type\" content=\"article\" \/>\n<meta property=\"og:title\" content=\"Art\u00edculos de pl\u00e1sticos, proyectos especiales - Newplastic\" \/>\n<meta property=\"og:description\" content=\"Newplastic, desarrollo de proyectos especiales en pl\u00e1stico, soluciones personalizadas como boya de cloro para piscinas, para mantener el agua limpia\" \/>\n<meta property=\"og:url\" content=\"https:\/\/www.newplastic.cl\/index.php\/proyectos-especiales\/\" \/>\n<meta property=\"og:site_name\" content=\"newplasticcl\" \/>\n<meta property=\"article:modified_time\" content=\"2025-07-21T16:12:37+00:00\" \/>\n<meta name=\"twitter:card\" content=\"summary_large_image\" \/>\n<meta name=\"twitter:label1\" content=\"Tiempo de lectura\" \/>\n\t<meta name=\"twitter:data1\" content=\"2 minutos\" \/>\n<script type=\"application\/ld+json\" class=\"yoast-schema-graph\">{\"@context\":\"https:\\\/\\\/schema.org\",\"@graph\":[{\"@type\":\"WebPage\",\"@id\":\"https:\\\/\\\/www.newplastic.cl\\\/index.php\\\/proyectos-especiales\\\/\",\"url\":\"https:\\\/\\\/www.newplastic.cl\\\/index.php\\\/proyectos-especiales\\\/\",\"name\":\"Art\u00edculos de pl\u00e1sticos, proyectos especiales - Newplastic\",\"isPartOf\":{\"@id\":\"https:\\\/\\\/www.newplastic.cl\\\/#website\"},\"datePublished\":\"2025-06-23T13:42:17+00:00\",\"dateModified\":\"2025-07-21T16:12:37+00:00\",\"description\":\"Newplastic, desarrollo de proyectos especiales en pl\u00e1stico, soluciones personalizadas como boya de cloro para piscinas, para mantener el agua limpia\",\"breadcrumb\":{\"@id\":\"https:\\\/\\\/www.newplastic.cl\\\/index.php\\\/proyectos-especiales\\\/#breadcrumb\"},\"inLanguage\":\"es\",\"potentialAction\":[{\"@type\":\"ReadAction\",\"target\":[\"https:\\\/\\\/www.newplastic.cl\\\/index.php\\\/proyectos-especiales\\\/\"]}]},{\"@type\":\"BreadcrumbList\",\"@id\":\"https:\\\/\\\/www.newplastic.cl\\\/index.php\\\/proyectos-especiales\\\/#breadcrumb\",\"itemListElement\":[{\"@type\":\"ListItem\",\"position\":1,\"name\":\"Portada\",\"item\":\"https:\\\/\\\/www.newplastic.cl\\\/\"},{\"@type\":\"ListItem\",\"position\":2,\"name\":\"Proyectos especiales\"}]},{\"@type\":\"WebSite\",\"@id\":\"https:\\\/\\\/www.newplastic.cl\\\/#website\",\"url\":\"https:\\\/\\\/www.newplastic.cl\\\/\",\"name\":\"newplasticcl\",\"description\":\"\",\"potentialAction\":[{\"@type\":\"SearchAction\",\"target\":{\"@type\":\"EntryPoint\",\"urlTemplate\":\"https:\\\/\\\/www.newplastic.cl\\\/?s={search_term_string}\"},\"query-input\":{\"@type\":\"PropertyValueSpecification\",\"valueRequired\":true,\"valueName\":\"search_term_string\"}}],\"inLanguage\":\"es\"}]}<\/script>\n<!-- \/ Yoast SEO plugin. -->","yoast_head_json":{"title":"Art\u00edculos de pl\u00e1sticos, proyectos especiales - Newplastic","description":"Newplastic, desarrollo de proyectos especiales en pl\u00e1stico, soluciones personalizadas como boya de cloro para piscinas, para mantener el agua limpia","robots":{"index":"index","follow":"follow","max-snippet":"max-snippet:-1","max-image-preview":"max-image-preview:large","max-video-preview":"max-video-preview:-1"},"canonical":"https:\/\/www.newplastic.cl\/index.php\/proyectos-especiales\/","og_locale":"es_ES","og_type":"article","og_title":"Art\u00edculos de pl\u00e1sticos, proyectos especiales - Newplastic","og_description":"Newplastic, desarrollo de proyectos especiales en pl\u00e1stico, soluciones personalizadas como boya de cloro para piscinas, para mantener el agua limpia","og_url":"https:\/\/www.newplastic.cl\/index.php\/proyectos-especiales\/","og_site_name":"newplasticcl","article_modified_time":"2025-07-21T16:12:37+00:00","twitter_card":"summary_large_image","twitter_misc":{"Tiempo de lectura":"2 minutos"},"schema":{"@context":"https:\/\/schema.org","@graph":[{"@type":"WebPage","@id":"https:\/\/www.newplastic.cl\/index.php\/proyectos-especiales\/","url":"https:\/\/www.newplastic.cl\/index.php\/proyectos-especiales\/","name":"Art\u00edculos de pl\u00e1sticos, proyectos especiales - Newplastic","isPartOf":{"@id":"https:\/\/www.newplastic.cl\/#website"},"datePublished":"2025-06-23T13:42:17+00:00","dateModified":"2025-07-21T16:12:37+00:00","description":"Newplastic, desarrollo de proyectos especiales en pl\u00e1stico, soluciones personalizadas como boya de cloro para piscinas, para mantener el agua limpia","breadcrumb":{"@id":"https:\/\/www.newplastic.cl\/index.php\/proyectos-especiales\/#breadcrumb"},"inLanguage":"es","potentialAction":[{"@type":"ReadAction","target":["https:\/\/www.newplastic.cl\/index.php\/proyectos-especiales\/"]}]},{"@type":"BreadcrumbList","@id":"https:\/\/www.newplastic.cl\/index.php\/proyectos-especiales\/#breadcrumb","itemListElement":[{"@type":"ListItem","position":1,"name":"Portada","item":"https:\/\/www.newplastic.cl\/"},{"@type":"ListItem","position":2,"name":"Proyectos especiales"}]},{"@type":"WebSite","@id":"https:\/\/www.newplastic.cl\/#website","url":"https:\/\/www.newplastic.cl\/","name":"newplasticcl","description":"","potentialAction":[{"@type":"SearchAction","target":{"@type":"EntryPoint","urlTemplate":"https:\/\/www.newplastic.cl\/?s={search_term_string}"},"query-input":{"@type":"PropertyValueSpecification","valueRequired":true,"valueName":"search_term_string"}}],"inLanguage":"es"}]}},"_links":{"self":[{"href":"https:\/\/www.newplastic.cl\/index.php\/wp-json\/wp\/v2\/pages\/36","targetHints":{"allow":["GET"]}}],"collection":[{"href":"https:\/\/www.newplastic.cl\/index.php\/wp-json\/wp\/v2\/pages"}],"about":[{"href":"https:\/\/www.newplastic.cl\/index.php\/wp-json\/wp\/v2\/types\/page"}],"author":[{"embeddable":true,"href":"https:\/\/www.newplastic.cl\/index.php\/wp-json\/wp\/v2\/users\/1"}],"replies":[{"embeddable":true,"href":"https:\/\/www.newplastic.cl\/index.php\/wp-json\/wp\/v2\/comments?post=36"}],"version-history":[{"count":5,"href":"https:\/\/www.newplastic.cl\/index.php\/wp-json\/wp\/v2\/pages\/36\/revisions"}],"predecessor-version":[{"id":350,"href":"https:\/\/www.newplastic.cl\/index.php\/wp-json\/wp\/v2\/pages\/36\/revisions\/350"}],"wp:attachment":[{"href":"https:\/\/www.newplastic.cl\/index.php\/wp-json\/wp\/v2\/media?parent=36"}],"curies":[{"name":"wp","href":"https:\/\/api.w.org\/{rel}","templated":true}]}}